{"id":117169,"date":"2021-01-19T04:35:23","date_gmt":"2021-01-19T10:35:23","guid":{"rendered":"https:\/\/impactministries.com\/product\/boza-madrosc-dla-prawego-i-sprawiedliwego-swiata-2\/"},"modified":"2025-06-19T09:59:49","modified_gmt":"2025-06-19T14:59:49","slug":"boza-madrosc-dla-prawego-i-sprawiedliwego-swiata","status":"publish","type":"product","link":"https:\/\/impactministries.com\/pl\/produkt\/boza-madrosc-dla-prawego-i-sprawiedliwego-swiata\/","title":{"rendered":"Bo\u017ca m\u0105dro\u015b\u0107 dla\u00a0prawego i\u00a0sprawiedliwego \u015bwiata"},"content":{"rendered":"<p>Ta ksi\u0105\u017cka przedstawia Bo\u017ce rozwi\u0105zania dla \u015bwiata znajduj\u0105cego si\u0119 na skraju zniszczenia! Czuj\u0119 to tak mocno, i daj\u0119 Ci t\u0119 ksi\u0105\u017ck\u0119 ca\u0142kowicie za darmo. Bez \u017cadnych ukrytych program\u00f3w, ani \u017cadnych pr\u00f3\u015bb o datki!<\/p>\n<p>Je\u017celi, jak prawie wszyscy, kt\u00f3rych znam, patrzysz na \u015bwiat i zadajesz dwa pytania: Co si\u0119 dzieje i kiedy to si\u0119 sko\u0144czy?\u00a0 Mog\u0119 Ci\u0119 o tym zapewni\u0107; \u017ce nie dowiesz si\u0119 prawdy o tym, co si\u0119 dzieje w wiadomo\u015bciach. Nie m\u00f3wi\u0119, \u017ce oni k\u0142ami\u0105, ale \u017ce nie znaj\u0105 prawdy, dop\u00f3ki nie poznaj\u0105 nauk Jezusa. Nast\u0119pnie musieliby uzyska\u0107 pozwolenie od swoich sieci, aby to udost\u0119pni\u0107, a to si\u0119 nigdy nie wydarzy! Odpowiadaj\u0105c na kolejne pytanie, to ustanie, gdy lud Bo\u017cy si\u0119 obudzi, powstanie i to zatrzyma! Jezus da\u0142 klucze Kr\u00f3lestwa Ko\u015bcio\u0142owi, a nie rz\u0105dowi. Rz\u0105d nie mo\u017ce rozstrzyga\u0107 duchowych bitew i zapewniam ci\u0119, \u017ce teraz toczy si\u0119 jedna z najwi\u0119kszych duchowych bitew wszechczas\u00f3w. My, dzieci Bo\u017ce, jeste\u015bmy jedynymi lud\u017ami na ziemi, kt\u00f3rzy mog\u0105 zapewni\u0107 tego rozwi\u0105zanie!<\/p>\n","protected":false},"excerpt":{"rendered":"<p>Ta ksi\u0105\u017cka przedstawia Bo\u017ce rozwi\u0105zania dla \u015bwiata znajduj\u0105cego si\u0119 na skraju zniszczenia! Czuj\u0119 to tak mocno, i daj\u0119 Ci t\u0119 ksi\u0105\u017ck\u0119 ca\u0142kowicie za darmo. Bez \u017cadnych ukrytych program\u00f3w, ani \u017cadnych pr\u00f3\u015bb o datki!<\/p>\n","protected":false},"featured_media":156488,"comment_status":"open","ping_status":"closed","template":"","meta":{"_et_pb_use_builder":"","_et_pb_old_content":"","_et_gb_content_width":""},"product_brand":[],"product_cat":[1845],"product_tag":[1791],"class_list":{"0":"post-117169","1":"product","2":"type-product","3":"status-publish","4":"has-post-thumbnail","6":"product_cat-ebook","7":"product_tag-kingdom-living-pl-2","8":"pa_format-ebook-pl","9":"pa_language-english-pl","10":"pa_language-polish-pl","12":"first","13":"instock","14":"taxable","15":"shipping-taxable","16":"purchasable","17":"product-type-variable","18":"has-default-attributes"},"yoast_head":"<!-- This site is optimized with the Yoast SEO plugin v27.2 - https:\/\/yoast.com\/product\/yoast-seo-wordpress\/ -->\n<title>Bo\u017ca m\u0105dro\u015b\u0107 dla\u00a0prawego i\u00a0sprawiedliwego \u015bwiata - Impact Ministries<\/title>\n<meta name=\"robots\" content=\"index, follow, max-snippet:-1, max-image-preview:large, max-video-preview:-1\" \/>\n<link rel=\"canonical\" href=\"https:\/\/impactministries.com\/pl\/produkt\/boza-madrosc-dla-prawego-i-sprawiedliwego-swiata\/\" \/>\n<meta property=\"og:locale\" content=\"pl_PL\" \/>\n<meta property=\"og:type\" content=\"article\" \/>\n<meta property=\"og:title\" content=\"Bo\u017ca m\u0105dro\u015b\u0107 dla\u00a0prawego i\u00a0sprawiedliwego \u015bwiata - Impact Ministries\" \/>\n<meta property=\"og:description\" content=\"Ta ksi\u0105\u017cka przedstawia Bo\u017ce rozwi\u0105zania dla \u015bwiata znajduj\u0105cego si\u0119 na skraju zniszczenia! Czuj\u0119 to tak mocno, i daj\u0119 Ci t\u0119 ksi\u0105\u017ck\u0119 ca\u0142kowicie za darmo. Bez \u017cadnych ukrytych program\u00f3w, ani \u017cadnych pr\u00f3\u015bb o datki!\" \/>\n<meta property=\"og:url\" content=\"https:\/\/impactministries.com\/pl\/produkt\/boza-madrosc-dla-prawego-i-sprawiedliwego-swiata\/\" \/>\n<meta property=\"og:site_name\" content=\"Impact Ministries\" \/>\n<meta property=\"article:publisher\" content=\"https:\/\/www.facebook.com\/drjimrichards\" \/>\n<meta property=\"article:modified_time\" content=\"2025-06-19T14:59:49+00:00\" \/>\n<meta property=\"og:image\" content=\"https:\/\/impactministries.com\/wp-content\/uploads\/2021\/01\/Gods-Wisdom-3D-Mockup-1-750x900.png\" \/>\n\t<meta property=\"og:image:width\" content=\"750\" \/>\n\t<meta property=\"og:image:height\" content=\"900\" \/>\n\t<meta property=\"og:image:type\" content=\"image\/png\" \/>\n<meta name=\"twitter:card\" content=\"summary_large_image\" \/>\n<meta name=\"twitter:site\" content=\"@Thegracedoctor\" \/>\n<script type=\"application\/ld+json\" class=\"yoast-schema-graph\">{\"@context\":\"https:\/\/schema.org\",\"@graph\":[{\"@type\":\"WebPage\",\"@id\":\"https:\/\/impactministries.com\/pl\/produkt\/boza-madrosc-dla-prawego-i-sprawiedliwego-swiata\/\",\"url\":\"https:\/\/impactministries.com\/pl\/produkt\/boza-madrosc-dla-prawego-i-sprawiedliwego-swiata\/\",\"name\":\"Bo\u017ca m\u0105dro\u015b\u0107 dla\u00a0prawego i\u00a0sprawiedliwego \u015bwiata - Impact Ministries\",\"isPartOf\":{\"@id\":\"https:\/\/impactministries.com\/#website\"},\"primaryImageOfPage\":{\"@id\":\"https:\/\/impactministries.com\/pl\/produkt\/boza-madrosc-dla-prawego-i-sprawiedliwego-swiata\/#primaryimage\"},\"image\":{\"@id\":\"https:\/\/impactministries.com\/pl\/produkt\/boza-madrosc-dla-prawego-i-sprawiedliwego-swiata\/#primaryimage\"},\"thumbnailUrl\":\"https:\/\/impactministries.com\/wp-content\/uploads\/2021\/01\/Gods-Wisdom-3D-Mockup-1-scaled-e1765854886316.png\",\"datePublished\":\"2021-01-19T10:35:23+00:00\",\"dateModified\":\"2025-06-19T14:59:49+00:00\",\"breadcrumb\":{\"@id\":\"https:\/\/impactministries.com\/pl\/produkt\/boza-madrosc-dla-prawego-i-sprawiedliwego-swiata\/#breadcrumb\"},\"inLanguage\":\"pl-PL\",\"potentialAction\":[{\"@type\":\"ReadAction\",\"target\":[\"https:\/\/impactministries.com\/pl\/produkt\/boza-madrosc-dla-prawego-i-sprawiedliwego-swiata\/\"]}]},{\"@type\":\"ImageObject\",\"inLanguage\":\"pl-PL\",\"@id\":\"https:\/\/impactministries.com\/pl\/produkt\/boza-madrosc-dla-prawego-i-sprawiedliwego-swiata\/#primaryimage\",\"url\":\"https:\/\/impactministries.com\/wp-content\/uploads\/2021\/01\/Gods-Wisdom-3D-Mockup-1-scaled-e1765854886316.png\",\"contentUrl\":\"https:\/\/impactministries.com\/wp-content\/uploads\/2021\/01\/Gods-Wisdom-3D-Mockup-1-scaled-e1765854886316.png\",\"width\":2133,\"height\":2560},{\"@type\":\"BreadcrumbList\",\"@id\":\"https:\/\/impactministries.com\/pl\/produkt\/boza-madrosc-dla-prawego-i-sprawiedliwego-swiata\/#breadcrumb\",\"itemListElement\":[{\"@type\":\"ListItem\",\"position\":1,\"name\":\"Home\",\"item\":\"https:\/\/impactministries.com\/\"},{\"@type\":\"ListItem\",\"position\":2,\"name\":\"Bo\u017ca m\u0105dro\u015b\u0107 dla\u00a0prawego i\u00a0sprawiedliwego \u015bwiata\"}]},{\"@type\":\"WebSite\",\"@id\":\"https:\/\/impactministries.com\/#website\",\"url\":\"https:\/\/impactministries.com\/\",\"name\":\"Impact Ministries\",\"description\":\"Changing the way the world sees God\",\"potentialAction\":[{\"@type\":\"SearchAction\",\"target\":{\"@type\":\"EntryPoint\",\"urlTemplate\":\"https:\/\/impactministries.com\/?s={search_term_string}\"},\"query-input\":{\"@type\":\"PropertyValueSpecification\",\"valueRequired\":true,\"valueName\":\"search_term_string\"}}],\"inLanguage\":\"pl-PL\"}]}<\/script>\n<!-- \/ Yoast SEO plugin. -->","yoast_head_json":{"title":"Bo\u017ca m\u0105dro\u015b\u0107 dla\u00a0prawego i\u00a0sprawiedliwego \u015bwiata - Impact Ministries","robots":{"index":"index","follow":"follow","max-snippet":"max-snippet:-1","max-image-preview":"max-image-preview:large","max-video-preview":"max-video-preview:-1"},"canonical":"https:\/\/impactministries.com\/pl\/produkt\/boza-madrosc-dla-prawego-i-sprawiedliwego-swiata\/","og_locale":"pl_PL","og_type":"article","og_title":"Bo\u017ca m\u0105dro\u015b\u0107 dla\u00a0prawego i\u00a0sprawiedliwego \u015bwiata - Impact Ministries","og_description":"Ta ksi\u0105\u017cka przedstawia Bo\u017ce rozwi\u0105zania dla \u015bwiata znajduj\u0105cego si\u0119 na skraju zniszczenia! Czuj\u0119 to tak mocno, i daj\u0119 Ci t\u0119 ksi\u0105\u017ck\u0119 ca\u0142kowicie za darmo. Bez \u017cadnych ukrytych program\u00f3w, ani \u017cadnych pr\u00f3\u015bb o datki!","og_url":"https:\/\/impactministries.com\/pl\/produkt\/boza-madrosc-dla-prawego-i-sprawiedliwego-swiata\/","og_site_name":"Impact Ministries","article_publisher":"https:\/\/www.facebook.com\/drjimrichards","article_modified_time":"2025-06-19T14:59:49+00:00","og_image":[{"width":750,"height":900,"url":"https:\/\/impactministries.com\/wp-content\/uploads\/2021\/01\/Gods-Wisdom-3D-Mockup-1-750x900.png","type":"image\/png"}],"twitter_card":"summary_large_image","twitter_site":"@Thegracedoctor","schema":{"@context":"https:\/\/schema.org","@graph":[{"@type":"WebPage","@id":"https:\/\/impactministries.com\/pl\/produkt\/boza-madrosc-dla-prawego-i-sprawiedliwego-swiata\/","url":"https:\/\/impactministries.com\/pl\/produkt\/boza-madrosc-dla-prawego-i-sprawiedliwego-swiata\/","name":"Bo\u017ca m\u0105dro\u015b\u0107 dla\u00a0prawego i\u00a0sprawiedliwego \u015bwiata - Impact Ministries","isPartOf":{"@id":"https:\/\/impactministries.com\/#website"},"primaryImageOfPage":{"@id":"https:\/\/impactministries.com\/pl\/produkt\/boza-madrosc-dla-prawego-i-sprawiedliwego-swiata\/#primaryimage"},"image":{"@id":"https:\/\/impactministries.com\/pl\/produkt\/boza-madrosc-dla-prawego-i-sprawiedliwego-swiata\/#primaryimage"},"thumbnailUrl":"https:\/\/impactministries.com\/wp-content\/uploads\/2021\/01\/Gods-Wisdom-3D-Mockup-1-scaled-e1765854886316.png","datePublished":"2021-01-19T10:35:23+00:00","dateModified":"2025-06-19T14:59:49+00:00","breadcrumb":{"@id":"https:\/\/impactministries.com\/pl\/produkt\/boza-madrosc-dla-prawego-i-sprawiedliwego-swiata\/#breadcrumb"},"inLanguage":"pl-PL","potentialAction":[{"@type":"ReadAction","target":["https:\/\/impactministries.com\/pl\/produkt\/boza-madrosc-dla-prawego-i-sprawiedliwego-swiata\/"]}]},{"@type":"ImageObject","inLanguage":"pl-PL","@id":"https:\/\/impactministries.com\/pl\/produkt\/boza-madrosc-dla-prawego-i-sprawiedliwego-swiata\/#primaryimage","url":"https:\/\/impactministries.com\/wp-content\/uploads\/2021\/01\/Gods-Wisdom-3D-Mockup-1-scaled-e1765854886316.png","contentUrl":"https:\/\/impactministries.com\/wp-content\/uploads\/2021\/01\/Gods-Wisdom-3D-Mockup-1-scaled-e1765854886316.png","width":2133,"height":2560},{"@type":"BreadcrumbList","@id":"https:\/\/impactministries.com\/pl\/produkt\/boza-madrosc-dla-prawego-i-sprawiedliwego-swiata\/#breadcrumb","itemListElement":[{"@type":"ListItem","position":1,"name":"Home","item":"https:\/\/impactministries.com\/"},{"@type":"ListItem","position":2,"name":"Bo\u017ca m\u0105dro\u015b\u0107 dla\u00a0prawego i\u00a0sprawiedliwego \u015bwiata"}]},{"@type":"WebSite","@id":"https:\/\/impactministries.com\/#website","url":"https:\/\/impactministries.com\/","name":"Impact Ministries","description":"Changing the way the world sees God","potentialAction":[{"@type":"SearchAction","target":{"@type":"EntryPoint","urlTemplate":"https:\/\/impactministries.com\/?s={search_term_string}"},"query-input":{"@type":"PropertyValueSpecification","valueRequired":true,"valueName":"search_term_string"}}],"inLanguage":"pl-PL"}]}},"_links":{"self":[{"href":"https:\/\/impactministries.com\/pl\/wp-json\/wp\/v2\/product\/117169","targetHints":{"allow":["GET"]}}],"collection":[{"href":"https:\/\/impactministries.com\/pl\/wp-json\/wp\/v2\/product"}],"about":[{"href":"https:\/\/impactministries.com\/pl\/wp-json\/wp\/v2\/types\/product"}],"replies":[{"embeddable":true,"href":"https:\/\/impactministries.com\/pl\/wp-json\/wp\/v2\/comments?post=117169"}],"wp:featuredmedia":[{"embeddable":true,"href":"https:\/\/impactministries.com\/pl\/wp-json\/wp\/v2\/media\/156488"}],"wp:attachment":[{"href":"https:\/\/impactministries.com\/pl\/wp-json\/wp\/v2\/media?parent=117169"}],"wp:term":[{"taxonomy":"product_brand","embeddable":true,"href":"https:\/\/impactministries.com\/pl\/wp-json\/wp\/v2\/product_brand?post=117169"},{"taxonomy":"product_cat","embeddable":true,"href":"https:\/\/impactministries.com\/pl\/wp-json\/wp\/v2\/product_cat?post=117169"},{"taxonomy":"product_tag","embeddable":true,"href":"https:\/\/impactministries.com\/pl\/wp-json\/wp\/v2\/product_tag?post=117169"}],"curies":[{"name":"wp","href":"https:\/\/api.w.org\/{rel}","templated":true}]}}