{"id":116720,"date":"2018-01-01T15:23:44","date_gmt":"2018-01-01T21:23:44","guid":{"rendered":"https:\/\/impactministries.com\/product\/ksiazka-prayer-organizer-wydanie-z-2018\/"},"modified":"2026-03-11T04:56:13","modified_gmt":"2026-03-11T09:56:13","slug":"ksiazka-prayer-organizer-wydanie-z-2018","status":"publish","type":"product","link":"https:\/\/impactministries.com\/pl\/produkt\/ksiazka-prayer-organizer-wydanie-z-2018\/","title":{"rendered":"Ksi\u0105\u017cka Prayer Organizer (Wydanie z 2018)"},"content":{"rendered":"<p><span style=\"font-weight: 400;\">Ksi\u0105\u017cka Prayer Organizer (Wydanie z 2018) zamienia modlitw\u0119 z obowi\u0105zku religijnego na \u017cycie pe\u0142ne rado\u015bci zmartwychwsta\u0142ego \u017cycia. Miliony ludzi na ca\u0142ym \u015bwiecie odkry\u0142o i do\u015bwiadczy\u0142o, co to znaczy do\u015bwiadczy\u0107 \u017cycia w Kr\u00f3lestwie Bo\u017cym korzystaj\u0105c z Organizatora Modlitewnego.<\/span><\/p>\n<p><span style=\"font-weight: 400;\">Wed\u0142ug S\u0142owa Bo\u017cego wierz\u0105cy ma prawo i obowi\u0105zek wybra\u0107 i ustanowi\u0107 doskona\u0142\u0105 wol\u0119 Bo\u017c\u0105 w swoim \u017cyciu. Wol\u0105 Bo\u017c\u0105 jest, aby\u015b \u017cy\u0142 i dzia\u0142a\u0142 we wszystkim, co On nam zapewni\u0142 przez \u015bmier\u0107, pogrzeb i zmartwychwstanie Jezusa: ciesz\u0105c si\u0119 obietnicami wolnymi od przekle\u0144stw. Kr\u00f3lestwo b\u0142ogos\u0142awie\u0144stw Bo\u017cych jest tym, co Jezus nazwa\u0142 Kr\u00f3lestwem Bo\u017cym. Da\u0142 nam Klucze Kr\u00f3lestwa Bo\u017cego, kt\u00f3re maj\u0105 moc wzi\u0105\u0107 i rozwi\u0105zywa\u0107 ( uwalnia\u0107 ).\u00a0 \u201d Zwi\u0105zywanie i rozwi\u0105zywanie &#8211; uwalnianie\u201d to miejsce, w kt\u00f3rym wierz\u0105cy wybiera to, na co w swoim \u017cyciu pozwoli, a czego nie. Ostatecznym kluczem jest wolno\u015b\u0107 wyboru: jest to nasz wyb\u00f3r, aby \u017cy\u0107 wed\u0142ug zaopatrzenia Bo\u017cego.<\/span><\/p>\n<p><span style=\"font-weight: 400;\">Modlitwa Nowego Przymierza to przede wszystkim po\u0142\u0105czenie si\u0119 z Bogiem jako Ojcem, zharmonizowanie naszych przekona\u0144 z Jego S\u0142owem i Jego imieniem oraz ustanowienie Jego doskona\u0142ej woli w naszym \u017cyciu. Wi\u0119kszo\u015b\u0107 tego, czego nas nauczono o modlitwie, nie dotyczy Nowego Przymierza. Proszenie Boga, aby zrobi\u0142 to, co ju\u017c uczyni\u0142, i proszenie Go, aby zrobi\u0142 dla nas to, co powiedzia\u0142 nam, aby\u015bmy sami uczynili, nie jest modlitw\u0105 wiary. Odrzucenie tego poziomu odpowiedzialno\u015bci i autorytetu jest przyczyn\u0105 minimalnych wynik\u00f3w w naszym \u017cyciu modlitewnym. Jezus nauczy\u0142 nas modli\u0107 si\u0119 w oparciu o Nowe Przymierze, przez kt\u00f3re wchodzimy i uczestniczymy w naszym dziedzictwie.<\/span><\/p>\n<p><b>Organizator Modlitewny zosta\u0142 zaprojektowany<\/b><span style=\"font-weight: 400;\">, aby pom\u00f3c Ci zobaczy\u0107 i ustanowi\u0107 \u017cyw\u0105 relacj\u0119 z Bogiem, uwolni\u0107 si\u0119 od stresu, trudu i chaosu oraz stworzy\u0107 \u015bwiadomo\u015b\u0107 \u201ew Nim\u201d, jednocze\u015bnie o\u017cywiaj\u0105c Jego S\u0142owo w twoim sercu. Ta ksi\u0105\u017cka jest wype\u0142niona setkami werset\u00f3w Pisma \u015awi\u0119tego, kt\u00f3re harmonizuj\u0105 si\u0119 z imionami Boga, uko\u0144czonym dzie\u0142em Jezusa, twoj\u0105 now\u0105 to\u017csamo\u015bci\u0105 i twoim dziedzictwem!<\/span><\/p>\n<p><b>Ma na celu:<\/b><\/p>\n<p><span style=\"font-weight: 400;\">Stworzy\u0107 g\u0142\u0119bok\u0105, pe\u0142n\u0105 mi\u0142o\u015bci wi\u0119\u017a z Bogiem<\/span><\/p>\n<p><span style=\"font-weight: 400;\">Da\u0107 Tobie pocz\u0105tek niesamowitemu zaufaniu do Boga<\/span><\/p>\n<p><span style=\"font-weight: 400;\">W pe\u0142ni utwierdzi\u0107 twoje serce w Bo\u017cych obietnicach<\/span><\/p>\n<p><span style=\"font-weight: 400;\">Zako\u0144czy\u0107 walczenie z grzechem, pora\u017ck\u0105 i strachem<\/span><\/p>\n<p><span style=\"font-weight: 400;\">Rozwin\u0105\u0107 poczucie w\u0142asnej warto\u015bci oparte na Biblii<\/span><\/p>\n<p><span style=\"font-weight: 400;\">Nauczy\u0107 ci\u0119 \u017cy\u0107 jak zwyci\u0119zca<\/span><\/p>\n<p><span style=\"font-weight: 400;\">Odnowi\u0107 sw\u00f3j umys\u0142<\/span><\/p>\n<p><span style=\"font-weight: 400;\">Przywdzia\u0107 tw\u0105 now\u0105 to\u017csamo\u015b\u0107 w Chrystusie<\/span><\/p>\n<p><span style=\"font-weight: 400;\">Zobaczy\u0107 Boga takim, jakim naprawd\u0119 jest<\/span><\/p>\n<p><span style=\"font-weight: 400;\">Rozwin\u0105\u0107 niezachwian\u0105 wiar\u0119<\/span><\/p>\n<p><span style=\"font-weight: 400;\">By\u015b umia\u0142 wej\u015b\u0107 do kr\u00f3lewskiego \u017cycia w Kr\u00f3lestwie Bo\u017cym.<\/span><\/p>\n<p><span style=\"font-weight: 400;\">\u017badne inne narz\u0119dzie nie \u0142\u0105czy wszystkich tych aspekt\u00f3w rzeczywisto\u015bci Nowego Przymierza do tego stopnia, aby\u015b m\u00f3g\u0142 ich naprawd\u0119 do\u015bwiadczy\u0107! Organizator modlitwy zamienia modlitw\u0119 z obowi\u0105zku religijnego w \u015bwi\u0119towanie zmartwychwsta\u0142ego \u017cycia. Miliony ludzi na ca\u0142ym \u015bwiecie odkry\u0142o i do\u015bwiadczy\u0142o, co to znaczy do\u015bwiadczy\u0107 \u017cycia w Kr\u00f3lestwie, korzystaj\u0105c z Organizatora Modlitewnego!<\/span><\/p>\n","protected":false},"excerpt":{"rendered":"<p><span style=\"font-weight: 400;\">Ksi\u0105\u017cka Prayer Organizer (Wydanie z 2018) zamienia modlitw\u0119 z obowi\u0105zku religijnego na \u017cycie pe\u0142ne rado\u015bci zmartwychwsta\u0142ego \u017cycia. Miliony ludzi na ca\u0142ym \u015bwiecie odkry\u0142o i do\u015bwiadczy\u0142o, co to znaczy do\u015bwiadczy\u0107 \u017cycia w Kr\u00f3lestwie Bo\u017cym korzystaj\u0105c z Organizatora Modlitewnego.<\/span><\/p>\n","protected":false},"featured_media":116724,"comment_status":"open","ping_status":"closed","template":"","meta":{"_et_pb_use_builder":"","_et_pb_old_content":"","_et_gb_content_width":""},"product_brand":[],"product_cat":[1845],"product_tag":[],"class_list":{"0":"post-116720","1":"product","2":"type-product","3":"status-publish","4":"has-post-thumbnail","6":"product_cat-ebook","7":"pa_format-ebook-pl","8":"pa_language-english-pl","9":"pa_language-polish-pl","11":"first","12":"instock","13":"taxable","14":"shipping-taxable","15":"purchasable","16":"product-type-variable","17":"has-default-attributes"},"yoast_head":"<!-- This site is optimized with the Yoast SEO plugin v27.2 - https:\/\/yoast.com\/product\/yoast-seo-wordpress\/ -->\n<title>Ksi\u0105\u017cka Prayer Organizer (Wydanie z 2018) - Impact Ministries<\/title>\n<meta name=\"robots\" content=\"index, follow, max-snippet:-1, max-image-preview:large, max-video-preview:-1\" \/>\n<link rel=\"canonical\" href=\"https:\/\/impactministries.com\/product\/ksiazka-prayer-organizer-wydanie-z-2018\/\" \/>\n<meta property=\"og:locale\" content=\"pl_PL\" \/>\n<meta property=\"og:type\" content=\"article\" \/>\n<meta property=\"og:title\" content=\"Ksi\u0105\u017cka Prayer Organizer (Wydanie z 2018) - Impact Ministries\" \/>\n<meta property=\"og:description\" content=\"Ksi\u0105\u017cka Prayer Organizer (Wydanie z 2018) zamienia modlitw\u0119 z obowi\u0105zku religijnego na \u017cycie pe\u0142ne rado\u015bci zmartwychwsta\u0142ego \u017cycia. Miliony ludzi na ca\u0142ym \u015bwiecie odkry\u0142o i do\u015bwiadczy\u0142o, co to znaczy do\u015bwiadczy\u0107 \u017cycia w Kr\u00f3lestwie Bo\u017cym korzystaj\u0105c z Organizatora Modlitewnego.\" \/>\n<meta property=\"og:url\" content=\"https:\/\/impactministries.com\/product\/ksiazka-prayer-organizer-wydanie-z-2018\/\" \/>\n<meta property=\"og:site_name\" content=\"Impact Ministries\" \/>\n<meta property=\"article:publisher\" content=\"https:\/\/www.facebook.com\/drjimrichards\" \/>\n<meta property=\"article:modified_time\" content=\"2026-03-11T09:56:13+00:00\" \/>\n<meta property=\"og:image\" content=\"https:\/\/impactministries.com\/wp-content\/uploads\/2018\/01\/The-Prayer-Organizer-2018-Edition-1.png\" \/>\n\t<meta property=\"og:image:width\" content=\"340\" \/>\n\t<meta property=\"og:image:height\" content=\"340\" \/>\n\t<meta property=\"og:image:type\" content=\"image\/png\" \/>\n<meta name=\"twitter:card\" content=\"summary_large_image\" \/>\n<meta name=\"twitter:site\" content=\"@Thegracedoctor\" \/>\n<script type=\"application\/ld+json\" class=\"yoast-schema-graph\">{\"@context\":\"https:\/\/schema.org\",\"@graph\":[{\"@type\":\"WebPage\",\"@id\":\"https:\/\/impactministries.com\/product\/ksiazka-prayer-organizer-wydanie-z-2018\/\",\"url\":\"https:\/\/impactministries.com\/product\/ksiazka-prayer-organizer-wydanie-z-2018\/\",\"name\":\"Ksi\u0105\u017cka Prayer Organizer (Wydanie z 2018) - Impact Ministries\",\"isPartOf\":{\"@id\":\"https:\/\/impactministries.com\/#website\"},\"primaryImageOfPage\":{\"@id\":\"https:\/\/impactministries.com\/product\/ksiazka-prayer-organizer-wydanie-z-2018\/#primaryimage\"},\"image\":{\"@id\":\"https:\/\/impactministries.com\/product\/ksiazka-prayer-organizer-wydanie-z-2018\/#primaryimage\"},\"thumbnailUrl\":\"https:\/\/impactministries.com\/wp-content\/uploads\/2018\/01\/The-Prayer-Organizer-2018-Edition-1.png\",\"datePublished\":\"2018-01-01T21:23:44+00:00\",\"dateModified\":\"2026-03-11T09:56:13+00:00\",\"breadcrumb\":{\"@id\":\"https:\/\/impactministries.com\/product\/ksiazka-prayer-organizer-wydanie-z-2018\/#breadcrumb\"},\"inLanguage\":\"pl-PL\",\"potentialAction\":[{\"@type\":\"ReadAction\",\"target\":[\"https:\/\/impactministries.com\/product\/ksiazka-prayer-organizer-wydanie-z-2018\/\"]}]},{\"@type\":\"ImageObject\",\"inLanguage\":\"pl-PL\",\"@id\":\"https:\/\/impactministries.com\/product\/ksiazka-prayer-organizer-wydanie-z-2018\/#primaryimage\",\"url\":\"https:\/\/impactministries.com\/wp-content\/uploads\/2018\/01\/The-Prayer-Organizer-2018-Edition-1.png\",\"contentUrl\":\"https:\/\/impactministries.com\/wp-content\/uploads\/2018\/01\/The-Prayer-Organizer-2018-Edition-1.png\",\"width\":340,\"height\":340},{\"@type\":\"BreadcrumbList\",\"@id\":\"https:\/\/impactministries.com\/product\/ksiazka-prayer-organizer-wydanie-z-2018\/#breadcrumb\",\"itemListElement\":[{\"@type\":\"ListItem\",\"position\":1,\"name\":\"Home\",\"item\":\"https:\/\/impactministries.com\/\"},{\"@type\":\"ListItem\",\"position\":2,\"name\":\"Ksi\u0105\u017cka Prayer Organizer (Wydanie z 2018)\"}]},{\"@type\":\"WebSite\",\"@id\":\"https:\/\/impactministries.com\/#website\",\"url\":\"https:\/\/impactministries.com\/\",\"name\":\"Impact Ministries\",\"description\":\"Changing the way the world sees God\",\"potentialAction\":[{\"@type\":\"SearchAction\",\"target\":{\"@type\":\"EntryPoint\",\"urlTemplate\":\"https:\/\/impactministries.com\/?s={search_term_string}\"},\"query-input\":{\"@type\":\"PropertyValueSpecification\",\"valueRequired\":true,\"valueName\":\"search_term_string\"}}],\"inLanguage\":\"pl-PL\"}]}<\/script>\n<!-- \/ Yoast SEO plugin. -->","yoast_head_json":{"title":"Ksi\u0105\u017cka Prayer Organizer (Wydanie z 2018) - Impact Ministries","robots":{"index":"index","follow":"follow","max-snippet":"max-snippet:-1","max-image-preview":"max-image-preview:large","max-video-preview":"max-video-preview:-1"},"canonical":"https:\/\/impactministries.com\/product\/ksiazka-prayer-organizer-wydanie-z-2018\/","og_locale":"pl_PL","og_type":"article","og_title":"Ksi\u0105\u017cka Prayer Organizer (Wydanie z 2018) - Impact Ministries","og_description":"Ksi\u0105\u017cka Prayer Organizer (Wydanie z 2018) zamienia modlitw\u0119 z obowi\u0105zku religijnego na \u017cycie pe\u0142ne rado\u015bci zmartwychwsta\u0142ego \u017cycia. Miliony ludzi na ca\u0142ym \u015bwiecie odkry\u0142o i do\u015bwiadczy\u0142o, co to znaczy do\u015bwiadczy\u0107 \u017cycia w Kr\u00f3lestwie Bo\u017cym korzystaj\u0105c z Organizatora Modlitewnego.","og_url":"https:\/\/impactministries.com\/product\/ksiazka-prayer-organizer-wydanie-z-2018\/","og_site_name":"Impact Ministries","article_publisher":"https:\/\/www.facebook.com\/drjimrichards","article_modified_time":"2026-03-11T09:56:13+00:00","og_image":[{"width":340,"height":340,"url":"https:\/\/impactministries.com\/wp-content\/uploads\/2018\/01\/The-Prayer-Organizer-2018-Edition-1.png","type":"image\/png"}],"twitter_card":"summary_large_image","twitter_site":"@Thegracedoctor","schema":{"@context":"https:\/\/schema.org","@graph":[{"@type":"WebPage","@id":"https:\/\/impactministries.com\/product\/ksiazka-prayer-organizer-wydanie-z-2018\/","url":"https:\/\/impactministries.com\/product\/ksiazka-prayer-organizer-wydanie-z-2018\/","name":"Ksi\u0105\u017cka Prayer Organizer (Wydanie z 2018) - Impact Ministries","isPartOf":{"@id":"https:\/\/impactministries.com\/#website"},"primaryImageOfPage":{"@id":"https:\/\/impactministries.com\/product\/ksiazka-prayer-organizer-wydanie-z-2018\/#primaryimage"},"image":{"@id":"https:\/\/impactministries.com\/product\/ksiazka-prayer-organizer-wydanie-z-2018\/#primaryimage"},"thumbnailUrl":"https:\/\/impactministries.com\/wp-content\/uploads\/2018\/01\/The-Prayer-Organizer-2018-Edition-1.png","datePublished":"2018-01-01T21:23:44+00:00","dateModified":"2026-03-11T09:56:13+00:00","breadcrumb":{"@id":"https:\/\/impactministries.com\/product\/ksiazka-prayer-organizer-wydanie-z-2018\/#breadcrumb"},"inLanguage":"pl-PL","potentialAction":[{"@type":"ReadAction","target":["https:\/\/impactministries.com\/product\/ksiazka-prayer-organizer-wydanie-z-2018\/"]}]},{"@type":"ImageObject","inLanguage":"pl-PL","@id":"https:\/\/impactministries.com\/product\/ksiazka-prayer-organizer-wydanie-z-2018\/#primaryimage","url":"https:\/\/impactministries.com\/wp-content\/uploads\/2018\/01\/The-Prayer-Organizer-2018-Edition-1.png","contentUrl":"https:\/\/impactministries.com\/wp-content\/uploads\/2018\/01\/The-Prayer-Organizer-2018-Edition-1.png","width":340,"height":340},{"@type":"BreadcrumbList","@id":"https:\/\/impactministries.com\/product\/ksiazka-prayer-organizer-wydanie-z-2018\/#breadcrumb","itemListElement":[{"@type":"ListItem","position":1,"name":"Home","item":"https:\/\/impactministries.com\/"},{"@type":"ListItem","position":2,"name":"Ksi\u0105\u017cka Prayer Organizer (Wydanie z 2018)"}]},{"@type":"WebSite","@id":"https:\/\/impactministries.com\/#website","url":"https:\/\/impactministries.com\/","name":"Impact Ministries","description":"Changing the way the world sees God","potentialAction":[{"@type":"SearchAction","target":{"@type":"EntryPoint","urlTemplate":"https:\/\/impactministries.com\/?s={search_term_string}"},"query-input":{"@type":"PropertyValueSpecification","valueRequired":true,"valueName":"search_term_string"}}],"inLanguage":"pl-PL"}]}},"_links":{"self":[{"href":"https:\/\/impactministries.com\/pl\/wp-json\/wp\/v2\/product\/116720","targetHints":{"allow":["GET"]}}],"collection":[{"href":"https:\/\/impactministries.com\/pl\/wp-json\/wp\/v2\/product"}],"about":[{"href":"https:\/\/impactministries.com\/pl\/wp-json\/wp\/v2\/types\/product"}],"replies":[{"embeddable":true,"href":"https:\/\/impactministries.com\/pl\/wp-json\/wp\/v2\/comments?post=116720"}],"wp:featuredmedia":[{"embeddable":true,"href":"https:\/\/impactministries.com\/pl\/wp-json\/wp\/v2\/media\/116724"}],"wp:attachment":[{"href":"https:\/\/impactministries.com\/pl\/wp-json\/wp\/v2\/media?parent=116720"}],"wp:term":[{"taxonomy":"product_brand","embeddable":true,"href":"https:\/\/impactministries.com\/pl\/wp-json\/wp\/v2\/product_brand?post=116720"},{"taxonomy":"product_cat","embeddable":true,"href":"https:\/\/impactministries.com\/pl\/wp-json\/wp\/v2\/product_cat?post=116720"},{"taxonomy":"product_tag","embeddable":true,"href":"https:\/\/impactministries.com\/pl\/wp-json\/wp\/v2\/product_tag?post=116720"}],"curies":[{"name":"wp","href":"https:\/\/api.w.org\/{rel}","templated":true}]}}