{"id":117281,"date":"2021-01-19T04:35:23","date_gmt":"2021-01-19T10:35:23","guid":{"rendered":"https:\/\/impactministries.com\/product\/la-sabiduria-de-dios-para-un-mundo-justo-y-equitativo\/"},"modified":"2025-06-19T10:03:35","modified_gmt":"2025-06-19T15:03:35","slug":"la-sabiduria-de-dios-para-un-mundo-justo-y-equitativo","status":"publish","type":"product","link":"https:\/\/impactministries.com\/es\/producto\/la-sabiduria-de-dios-para-un-mundo-justo-y-equitativo\/","title":{"rendered":"La Sabiduria de Dios para un Mundo Justo y Equitativo"},"content":{"rendered":"<p>Este libro proporciona las soluciones de Dios para un mundo al borde de la destrucci\u00f3n. Me siento muy comprometido con este material que le estoy proporcionando de forma totalmente gratuita. No hay intereses ocultos, \u00a1ni peticiones de contribuciones! Si usted es como casi todas las personas que conozco, est\u00e1 observando el mundo mientras se hace dos preguntas: \u00ab\u00bfQu\u00e9 est\u00e1 sucediendo?, y \u00bfcu\u00e1ndo se detendr\u00e1?\u00bb Puedo asegurarle esto: no obtendr\u00e1 la verdad sobre lo que est\u00e1 sucediendo en las noticias. No digo que est\u00e9n mintiendo, pero no conocen la verdad a menos que conozcan las ense\u00f1anzas de Jes\u00fas.<\/p>\n<p>Entonces tienen que obtener el permiso de sus redes para compartirla&#8230; \u00a1eso nunca va a suceder! Para responder a su segunda pregunta le digo que esto se detendr\u00e1 cuando el pueblo de Dios \u00a1despierte, se levante y lo detenga! Jes\u00fas dio las llaves del<br \/>\nReino a la Iglesia, no al gobierno. El gobierno no puede resolver las batallas espirituales, por eso le aseguro que una de las mayores batallas espirituales de todos los tiempos se est\u00e1 jugando ahora mismo. Nosotros, los hijos de Dios, somos las \u00fanicas personas en la faz de la tierra que pueden proporcionar la \u00a1soluci\u00f3n!<\/p>\n","protected":false},"excerpt":{"rendered":"<p>Este libro proporciona las soluciones de Dios para un mundo al borde de la destrucci\u00f3n. Me siento muy comprometido con este material que le estoy proporcionando de forma totalmente gratuita. No hay intereses ocultos, \u00a1ni peticiones de contribuciones! Si usted es como casi todas las personas que conozco, est\u00e1 observando el mundo mientras se hace dos preguntas: \u00ab\u00bfQu\u00e9 est\u00e1 sucediendo?, y \u00bfcu\u00e1ndo se detendr\u00e1?\u00bb Puedo asegurarle esto: no obtendr\u00e1 la verdad sobre lo que est\u00e1 sucediendo en las noticias. No digo que est\u00e9n mintiendo, pero no conocen la verdad a menos que conozcan las ense\u00f1anzas de Jes\u00fas.<\/p>\n","protected":false},"featured_media":156489,"comment_status":"open","ping_status":"closed","template":"","meta":{"_et_pb_use_builder":"","_et_pb_old_content":"","_et_gb_content_width":""},"product_brand":[],"product_cat":[1845],"product_tag":[],"class_list":{"0":"post-117281","1":"product","2":"type-product","3":"status-publish","4":"has-post-thumbnail","6":"product_cat-ebook","7":"pa_format-ebook-es","8":"pa_language-espanol","10":"first","11":"instock","12":"taxable","13":"shipping-taxable","14":"purchasable","15":"product-type-variable","16":"has-default-attributes"},"yoast_head":"<!-- This site is optimized with the Yoast SEO plugin v27.2 - https:\/\/yoast.com\/product\/yoast-seo-wordpress\/ -->\n<title>La Sabiduria de Dios para un Mundo Justo y Equitativo - Impact Ministries<\/title>\n<meta name=\"robots\" content=\"index, follow, max-snippet:-1, max-image-preview:large, max-video-preview:-1\" \/>\n<link rel=\"canonical\" href=\"https:\/\/impactministries.com\/es\/producto\/la-sabiduria-de-dios-para-un-mundo-justo-y-equitativo\/\" \/>\n<meta property=\"og:locale\" content=\"es_ES\" \/>\n<meta property=\"og:type\" content=\"article\" \/>\n<meta property=\"og:title\" content=\"La Sabiduria de Dios para un Mundo Justo y Equitativo - Impact Ministries\" \/>\n<meta property=\"og:description\" content=\"Este libro proporciona las soluciones de Dios para un mundo al borde de la destrucci\u00f3n. Me siento muy comprometido con este material que le estoy proporcionando de forma totalmente gratuita. No hay intereses ocultos, \u00a1ni peticiones de contribuciones! Si usted es como casi todas las personas que conozco, est\u00e1 observando el mundo mientras se hace dos preguntas: &quot;\u00bfQu\u00e9 est\u00e1 sucediendo?, y \u00bfcu\u00e1ndo se detendr\u00e1?&quot; Puedo asegurarle esto: no obtendr\u00e1 la verdad sobre lo que est\u00e1 sucediendo en las noticias. No digo que est\u00e9n mintiendo, pero no conocen la verdad a menos que conozcan las ense\u00f1anzas de Jes\u00fas.\" \/>\n<meta property=\"og:url\" content=\"https:\/\/impactministries.com\/es\/producto\/la-sabiduria-de-dios-para-un-mundo-justo-y-equitativo\/\" \/>\n<meta property=\"og:site_name\" content=\"Impact Ministries\" \/>\n<meta property=\"article:publisher\" content=\"https:\/\/www.facebook.com\/drjimrichards\" \/>\n<meta property=\"article:modified_time\" content=\"2025-06-19T15:03:35+00:00\" \/>\n<meta property=\"og:image\" content=\"https:\/\/impactministries.com\/wp-content\/uploads\/2021\/01\/Gods-Wisdom-3D-Mockup-1-750x900.png\" \/>\n\t<meta property=\"og:image:width\" content=\"750\" \/>\n\t<meta property=\"og:image:height\" content=\"900\" \/>\n\t<meta property=\"og:image:type\" content=\"image\/png\" \/>\n<meta name=\"twitter:card\" content=\"summary_large_image\" \/>\n<meta name=\"twitter:site\" content=\"@Thegracedoctor\" \/>\n<script type=\"application\/ld+json\" class=\"yoast-schema-graph\">{\"@context\":\"https:\/\/schema.org\",\"@graph\":[{\"@type\":\"WebPage\",\"@id\":\"https:\/\/impactministries.com\/es\/producto\/la-sabiduria-de-dios-para-un-mundo-justo-y-equitativo\/\",\"url\":\"https:\/\/impactministries.com\/es\/producto\/la-sabiduria-de-dios-para-un-mundo-justo-y-equitativo\/\",\"name\":\"La Sabiduria de Dios para un Mundo Justo y Equitativo - Impact Ministries\",\"isPartOf\":{\"@id\":\"https:\/\/impactministries.com\/#website\"},\"primaryImageOfPage\":{\"@id\":\"https:\/\/impactministries.com\/es\/producto\/la-sabiduria-de-dios-para-un-mundo-justo-y-equitativo\/#primaryimage\"},\"image\":{\"@id\":\"https:\/\/impactministries.com\/es\/producto\/la-sabiduria-de-dios-para-un-mundo-justo-y-equitativo\/#primaryimage\"},\"thumbnailUrl\":\"https:\/\/impactministries.com\/wp-content\/uploads\/2021\/01\/Gods-Wisdom-3D-Mockup-1-scaled-e1765854886316.png\",\"datePublished\":\"2021-01-19T10:35:23+00:00\",\"dateModified\":\"2025-06-19T15:03:35+00:00\",\"breadcrumb\":{\"@id\":\"https:\/\/impactministries.com\/es\/producto\/la-sabiduria-de-dios-para-un-mundo-justo-y-equitativo\/#breadcrumb\"},\"inLanguage\":\"es\",\"potentialAction\":[{\"@type\":\"ReadAction\",\"target\":[\"https:\/\/impactministries.com\/es\/producto\/la-sabiduria-de-dios-para-un-mundo-justo-y-equitativo\/\"]}]},{\"@type\":\"ImageObject\",\"inLanguage\":\"es\",\"@id\":\"https:\/\/impactministries.com\/es\/producto\/la-sabiduria-de-dios-para-un-mundo-justo-y-equitativo\/#primaryimage\",\"url\":\"https:\/\/impactministries.com\/wp-content\/uploads\/2021\/01\/Gods-Wisdom-3D-Mockup-1-scaled-e1765854886316.png\",\"contentUrl\":\"https:\/\/impactministries.com\/wp-content\/uploads\/2021\/01\/Gods-Wisdom-3D-Mockup-1-scaled-e1765854886316.png\",\"width\":2133,\"height\":2560},{\"@type\":\"BreadcrumbList\",\"@id\":\"https:\/\/impactministries.com\/es\/producto\/la-sabiduria-de-dios-para-un-mundo-justo-y-equitativo\/#breadcrumb\",\"itemListElement\":[{\"@type\":\"ListItem\",\"position\":1,\"name\":\"Home\",\"item\":\"https:\/\/impactministries.com\/\"},{\"@type\":\"ListItem\",\"position\":2,\"name\":\"La Sabiduria de Dios para un Mundo Justo y Equitativo\"}]},{\"@type\":\"WebSite\",\"@id\":\"https:\/\/impactministries.com\/#website\",\"url\":\"https:\/\/impactministries.com\/\",\"name\":\"Impact Ministries\",\"description\":\"Changing the way the world sees God\",\"potentialAction\":[{\"@type\":\"SearchAction\",\"target\":{\"@type\":\"EntryPoint\",\"urlTemplate\":\"https:\/\/impactministries.com\/?s={search_term_string}\"},\"query-input\":{\"@type\":\"PropertyValueSpecification\",\"valueRequired\":true,\"valueName\":\"search_term_string\"}}],\"inLanguage\":\"es\"}]}<\/script>\n<!-- \/ Yoast SEO plugin. -->","yoast_head_json":{"title":"La Sabiduria de Dios para un Mundo Justo y Equitativo - Impact Ministries","robots":{"index":"index","follow":"follow","max-snippet":"max-snippet:-1","max-image-preview":"max-image-preview:large","max-video-preview":"max-video-preview:-1"},"canonical":"https:\/\/impactministries.com\/es\/producto\/la-sabiduria-de-dios-para-un-mundo-justo-y-equitativo\/","og_locale":"es_ES","og_type":"article","og_title":"La Sabiduria de Dios para un Mundo Justo y Equitativo - Impact Ministries","og_description":"Este libro proporciona las soluciones de Dios para un mundo al borde de la destrucci\u00f3n. Me siento muy comprometido con este material que le estoy proporcionando de forma totalmente gratuita. No hay intereses ocultos, \u00a1ni peticiones de contribuciones! Si usted es como casi todas las personas que conozco, est\u00e1 observando el mundo mientras se hace dos preguntas: \"\u00bfQu\u00e9 est\u00e1 sucediendo?, y \u00bfcu\u00e1ndo se detendr\u00e1?\" Puedo asegurarle esto: no obtendr\u00e1 la verdad sobre lo que est\u00e1 sucediendo en las noticias. No digo que est\u00e9n mintiendo, pero no conocen la verdad a menos que conozcan las ense\u00f1anzas de Jes\u00fas.","og_url":"https:\/\/impactministries.com\/es\/producto\/la-sabiduria-de-dios-para-un-mundo-justo-y-equitativo\/","og_site_name":"Impact Ministries","article_publisher":"https:\/\/www.facebook.com\/drjimrichards","article_modified_time":"2025-06-19T15:03:35+00:00","og_image":[{"width":750,"height":900,"url":"https:\/\/impactministries.com\/wp-content\/uploads\/2021\/01\/Gods-Wisdom-3D-Mockup-1-750x900.png","type":"image\/png"}],"twitter_card":"summary_large_image","twitter_site":"@Thegracedoctor","schema":{"@context":"https:\/\/schema.org","@graph":[{"@type":"WebPage","@id":"https:\/\/impactministries.com\/es\/producto\/la-sabiduria-de-dios-para-un-mundo-justo-y-equitativo\/","url":"https:\/\/impactministries.com\/es\/producto\/la-sabiduria-de-dios-para-un-mundo-justo-y-equitativo\/","name":"La Sabiduria de Dios para un Mundo Justo y Equitativo - Impact Ministries","isPartOf":{"@id":"https:\/\/impactministries.com\/#website"},"primaryImageOfPage":{"@id":"https:\/\/impactministries.com\/es\/producto\/la-sabiduria-de-dios-para-un-mundo-justo-y-equitativo\/#primaryimage"},"image":{"@id":"https:\/\/impactministries.com\/es\/producto\/la-sabiduria-de-dios-para-un-mundo-justo-y-equitativo\/#primaryimage"},"thumbnailUrl":"https:\/\/impactministries.com\/wp-content\/uploads\/2021\/01\/Gods-Wisdom-3D-Mockup-1-scaled-e1765854886316.png","datePublished":"2021-01-19T10:35:23+00:00","dateModified":"2025-06-19T15:03:35+00:00","breadcrumb":{"@id":"https:\/\/impactministries.com\/es\/producto\/la-sabiduria-de-dios-para-un-mundo-justo-y-equitativo\/#breadcrumb"},"inLanguage":"es","potentialAction":[{"@type":"ReadAction","target":["https:\/\/impactministries.com\/es\/producto\/la-sabiduria-de-dios-para-un-mundo-justo-y-equitativo\/"]}]},{"@type":"ImageObject","inLanguage":"es","@id":"https:\/\/impactministries.com\/es\/producto\/la-sabiduria-de-dios-para-un-mundo-justo-y-equitativo\/#primaryimage","url":"https:\/\/impactministries.com\/wp-content\/uploads\/2021\/01\/Gods-Wisdom-3D-Mockup-1-scaled-e1765854886316.png","contentUrl":"https:\/\/impactministries.com\/wp-content\/uploads\/2021\/01\/Gods-Wisdom-3D-Mockup-1-scaled-e1765854886316.png","width":2133,"height":2560},{"@type":"BreadcrumbList","@id":"https:\/\/impactministries.com\/es\/producto\/la-sabiduria-de-dios-para-un-mundo-justo-y-equitativo\/#breadcrumb","itemListElement":[{"@type":"ListItem","position":1,"name":"Home","item":"https:\/\/impactministries.com\/"},{"@type":"ListItem","position":2,"name":"La Sabiduria de Dios para un Mundo Justo y Equitativo"}]},{"@type":"WebSite","@id":"https:\/\/impactministries.com\/#website","url":"https:\/\/impactministries.com\/","name":"Impact Ministries","description":"Changing the way the world sees God","potentialAction":[{"@type":"SearchAction","target":{"@type":"EntryPoint","urlTemplate":"https:\/\/impactministries.com\/?s={search_term_string}"},"query-input":{"@type":"PropertyValueSpecification","valueRequired":true,"valueName":"search_term_string"}}],"inLanguage":"es"}]}},"_links":{"self":[{"href":"https:\/\/impactministries.com\/es\/wp-json\/wp\/v2\/product\/117281","targetHints":{"allow":["GET"]}}],"collection":[{"href":"https:\/\/impactministries.com\/es\/wp-json\/wp\/v2\/product"}],"about":[{"href":"https:\/\/impactministries.com\/es\/wp-json\/wp\/v2\/types\/product"}],"replies":[{"embeddable":true,"href":"https:\/\/impactministries.com\/es\/wp-json\/wp\/v2\/comments?post=117281"}],"wp:featuredmedia":[{"embeddable":true,"href":"https:\/\/impactministries.com\/es\/wp-json\/wp\/v2\/media\/156489"}],"wp:attachment":[{"href":"https:\/\/impactministries.com\/es\/wp-json\/wp\/v2\/media?parent=117281"}],"wp:term":[{"taxonomy":"product_brand","embeddable":true,"href":"https:\/\/impactministries.com\/es\/wp-json\/wp\/v2\/product_brand?post=117281"},{"taxonomy":"product_cat","embeddable":true,"href":"https:\/\/impactministries.com\/es\/wp-json\/wp\/v2\/product_cat?post=117281"},{"taxonomy":"product_tag","embeddable":true,"href":"https:\/\/impactministries.com\/es\/wp-json\/wp\/v2\/product_tag?post=117281"}],"curies":[{"name":"wp","href":"https:\/\/api.w.org\/{rel}","templated":true}]}}